{"id":138,"date":"2019-07-07T11:28:12","date_gmt":"2019-07-07T09:28:12","guid":{"rendered":"https:\/\/www.armurerie-lengele.be\/?page_id=138"},"modified":"2024-09-30T21:49:03","modified_gmt":"2024-09-30T19:49:03","slug":"contact","status":"publish","type":"page","link":"https:\/\/www.armurerie-lengele.be\/index.php\/contact\/","title":{"rendered":"Contact"},"content":{"rendered":"\t\t<div data-elementor-type=\"wp-page\" data-elementor-id=\"138\" class=\"elementor elementor-138\" data-elementor-post-type=\"page\">\n\t\t\t\t\t\t<section class=\"elementor-section elementor-top-section elementor-element elementor-element-a46649e elementor-section-boxed elementor-section-height-default elementor-section-height-default\" data-id=\"a46649e\" data-element_type=\"section\">\n\t\t\t\t\t\t<div class=\"elementor-container elementor-column-gap-default\">\n\t\t\t\t\t<div class=\"elementor-column elementor-col-100 elementor-top-column elementor-element elementor-element-afb9188\" data-id=\"afb9188\" data-element_type=\"column\">\n\t\t\t<div class=\"elementor-widget-wrap elementor-element-populated\">\n\t\t\t\t\t\t<div class=\"elementor-element elementor-element-f04b869 elementor-widget elementor-widget-heading\" data-id=\"f04b869\" data-element_type=\"widget\" data-widget_type=\"heading.default\">\n\t\t\t\t<div class=\"elementor-widget-container\">\n\t\t\t<h2 class=\"elementor-heading-title elementor-size-medium\">Armurerie R. J. LENGELE<\/h2>\t\t<\/div>\n\t\t\t\t<\/div>\n\t\t\t\t\t<\/div>\n\t\t<\/div>\n\t\t\t\t\t<\/div>\n\t\t<\/section>\n\t\t\t\t<section class=\"elementor-section elementor-top-section elementor-element elementor-element-5fc101e elementor-section-boxed elementor-section-height-default elementor-section-height-default\" data-id=\"5fc101e\" data-element_type=\"section\">\n\t\t\t\t\t\t<div class=\"elementor-container elementor-column-gap-default\">\n\t\t\t\t\t<div class=\"elementor-column elementor-col-66 elementor-top-column elementor-element elementor-element-9f17e82\" data-id=\"9f17e82\" data-element_type=\"column\">\n\t\t\t<div class=\"elementor-widget-wrap elementor-element-populated\">\n\t\t\t\t\t\t<section class=\"elementor-section elementor-inner-section elementor-element elementor-element-98f2f7e elementor-section-boxed elementor-section-height-default elementor-section-height-default\" data-id=\"98f2f7e\" data-element_type=\"section\">\n\t\t\t\t\t\t<div class=\"elementor-container elementor-column-gap-default\">\n\t\t\t\t\t<div class=\"elementor-column elementor-col-50 elementor-inner-column elementor-element elementor-element-af79d12\" data-id=\"af79d12\" data-element_type=\"column\">\n\t\t\t<div class=\"elementor-widget-wrap elementor-element-populated\">\n\t\t\t\t\t\t<div class=\"elementor-element elementor-element-31ab467 elementor-widget elementor-widget-text-editor\" data-id=\"31ab467\" data-element_type=\"widget\" data-widget_type=\"text-editor.default\">\n\t\t\t\t<div class=\"elementor-widget-container\">\n\t\t\t\t\t\t\t<p style=\"line-height: 0.7;\">Place Jules Destr\u00e9e 9, 6200 Ch\u00e2telet<\/p><p style=\"line-height: 0.7;\">0475 47 22 25<\/p><p><a href=\"mailto:lengele.rene@skynet.be\">lengele.rene@skynet.be<\/a><\/p><p style=\"line-height: 0.7;\"><a href=\"https:\/\/www.armurerie-lengele.be\">www.armurerie-lengele.be<\/a><\/p>\t\t\t\t\t\t<\/div>\n\t\t\t\t<\/div>\n\t\t\t\t<div class=\"elementor-element elementor-element-6fdf4fa elementor-widget-divider--view-line elementor-widget elementor-widget-divider\" data-id=\"6fdf4fa\" data-element_type=\"widget\" data-widget_type=\"divider.default\">\n\t\t\t\t<div class=\"elementor-widget-container\">\n\t\t\t\t\t<div class=\"elementor-divider\">\n\t\t\t<span class=\"elementor-divider-separator\">\n\t\t\t\t\t\t<\/span>\n\t\t<\/div>\n\t\t\t\t<\/div>\n\t\t\t\t<\/div>\n\t\t\t\t<div class=\"elementor-element elementor-element-febc7c6 elementor-widget elementor-widget-text-editor\" data-id=\"febc7c6\" data-element_type=\"widget\" data-widget_type=\"text-editor.default\">\n\t\t\t\t<div class=\"elementor-widget-container\">\n\t\t\t\t\t\t\t<p style=\"line-height: 0.7;\">TVA: BE 0661095184<\/p><p style=\"line-height: 0.7;\">Banque: IBAN\u00a0: BE44 3630 90 22 9945<\/p><p style=\"line-height: 0.7;\">N\u00b0 d&rsquo;agr\u00e9ment: N\u00b02\/5\/92\/0050<span style=\"color: #ff0000;\"><br \/><\/span><\/p>\t\t\t\t\t\t<\/div>\n\t\t\t\t<\/div>\n\t\t\t\t\t<\/div>\n\t\t<\/div>\n\t\t\t\t<div class=\"elementor-column elementor-col-50 elementor-inner-column elementor-element elementor-element-008f94b\" data-id=\"008f94b\" data-element_type=\"column\">\n\t\t\t<div class=\"elementor-widget-wrap elementor-element-populated\">\n\t\t\t\t\t\t<div class=\"elementor-element elementor-element-74fca36 elementor-widget elementor-widget-google_maps\" data-id=\"74fca36\" data-element_type=\"widget\" data-widget_type=\"google_maps.default\">\n\t\t\t\t<div class=\"elementor-widget-container\">\n\t\t\t\t\t<div class=\"elementor-custom-embed\">\n\t\t\t<iframe loading=\"lazy\"\n\t\t\t\t\tsrc=\"https:\/\/maps.google.com\/maps?q=Place%20Jules%20Destr%C3%A9e%209%2C%206200%20Ch%C3%A2telet&#038;t=m&#038;z=11&#038;output=embed&#038;iwloc=near\"\n\t\t\t\t\ttitle=\"Place Jules Destr\u00e9e 9, 6200 Ch\u00e2telet\"\n\t\t\t\t\taria-label=\"Place Jules Destr\u00e9e 9, 6200 Ch\u00e2telet\"\n\t\t\t><\/iframe>\n\t\t<\/div>\n\t\t\t\t<\/div>\n\t\t\t\t<\/div>\n\t\t\t\t\t<\/div>\n\t\t<\/div>\n\t\t\t\t\t<\/div>\n\t\t<\/section>\n\t\t\t\t\t<\/div>\n\t\t<\/div>\n\t\t\t\t<div class=\"elementor-column elementor-col-33 elementor-top-column elementor-element elementor-element-475a6c2\" data-id=\"475a6c2\" data-element_type=\"column\">\n\t\t\t<div class=\"elementor-widget-wrap elementor-element-populated\">\n\t\t\t\t\t\t<div class=\"elementor-element elementor-element-eaa4aaa elementor-widget elementor-widget-text-editor\" data-id=\"eaa4aaa\" data-element_type=\"widget\" data-widget_type=\"text-editor.default\">\n\t\t\t\t<div class=\"elementor-widget-container\">\n\t\t\t\t\t\t\t<h2><strong><span style=\"color: #004c78;\">Horaires d&rsquo;ouverture<\/span><\/strong><\/h2>\t\t\t\t\t\t<\/div>\n\t\t\t\t<\/div>\n\t\t\t\t<div class=\"elementor-element elementor-element-e76da6a elementor-widget elementor-widget-text-editor\" data-id=\"e76da6a\" data-element_type=\"widget\" data-widget_type=\"text-editor.default\">\n\t\t\t\t<div class=\"elementor-widget-container\">\n\t\t\t\t\t\t\t<ul><li>Lundi: Ferm\u00e9<\/li><li>Mardi: Ferm\u00e9*<\/li><li>Mercredi: Ferm\u00e9*<\/li><li>Jeudi: 17:00 &#8211; 19:30<\/li><li>Vendredi: 17:00 &#8211; 19:30<\/li><li>Samedi: 14:00 &#8211; 18:00<\/li><li>Dimanche: Ferm\u00e9<\/li><\/ul><p><span style=\"color: #004c78;\">* En raison des mesures \u00ab\u00a0Covid-19\u00a0\u00bb les horaires du mardi et mercredi ont \u00e9t\u00e9 modifi\u00e9s.<\/span><\/p>\t\t\t\t\t\t<\/div>\n\t\t\t\t<\/div>\n\t\t\t\t\t<\/div>\n\t\t<\/div>\n\t\t\t\t\t<\/div>\n\t\t<\/section>\n\t\t\t\t<section class=\"elementor-section elementor-top-section elementor-element elementor-element-cf7e228 elementor-section-boxed elementor-section-height-default elementor-section-height-default\" data-id=\"cf7e228\" data-element_type=\"section\">\n\t\t\t\t\t\t<div class=\"elementor-container elementor-column-gap-default\">\n\t\t\t\t\t<div class=\"elementor-column elementor-col-100 elementor-top-column elementor-element elementor-element-faa311a\" data-id=\"faa311a\" data-element_type=\"column\">\n\t\t\t<div class=\"elementor-widget-wrap elementor-element-populated\">\n\t\t\t\t\t\t<div class=\"elementor-element elementor-element-ef4ee0e elementor-widget elementor-widget-heading\" data-id=\"ef4ee0e\" data-element_type=\"widget\" data-widget_type=\"heading.default\">\n\t\t\t\t<div class=\"elementor-widget-container\">\n\t\t\t<h2 class=\"elementor-heading-title elementor-size-medium\">Une question ? Un renseignement ? Veuillez compl\u00e9ter le formulaire.<\/h2>\t\t<\/div>\n\t\t\t\t<\/div>\n\t\t\t\t\t<\/div>\n\t\t<\/div>\n\t\t\t\t\t<\/div>\n\t\t<\/section>\n\t\t\t\t<section class=\"elementor-section elementor-top-section elementor-element elementor-element-66f6838 elementor-section-boxed elementor-section-height-default elementor-section-height-default\" data-id=\"66f6838\" data-element_type=\"section\">\n\t\t\t\t\t\t<div class=\"elementor-container elementor-column-gap-default\">\n\t\t\t\t\t<div class=\"elementor-column elementor-col-100 elementor-top-column elementor-element elementor-element-4d1374a\" data-id=\"4d1374a\" data-element_type=\"column\">\n\t\t\t<div class=\"elementor-widget-wrap elementor-element-populated\">\n\t\t\t\t\t\t<div class=\"elementor-element elementor-element-9cd07c0 elementor-widget elementor-widget-text-editor\" data-id=\"9cd07c0\" data-element_type=\"widget\" data-widget_type=\"text-editor.default\">\n\t\t\t\t<div class=\"elementor-widget-container\">\n\t\t\t\t\t\t\t<p><div class=\"caldera-grid\" id=\"caldera_form_1\" data-cf-ver=\"1.9.4\" data-cf-form-id=\"CF5d21aaad2fe9b\"><div id=\"caldera_notices_1\" data-spinner=\"https:\/\/www.armurerie-lengele.be\/wp-admin\/images\/spinner.gif\"><\/div><form data-instance=\"1\" class=\"CF5d21aaad2fe9b caldera_forms_form cfajax-trigger\" method=\"POST\" enctype=\"multipart\/form-data\" id=\"CF5d21aaad2fe9b_1\" data-form-id=\"CF5d21aaad2fe9b\" aria-label=\"Nous contacter\" data-target=\"#caldera_notices_1\" data-template=\"#cfajax_CF5d21aaad2fe9b-tmpl\" data-cfajax=\"CF5d21aaad2fe9b\" data-load-element=\"_parent\" data-load-class=\"cf_processing\" data-post-disable=\"0\" data-action=\"cf_process_ajax_submit\" data-request=\"https:\/\/www.armurerie-lengele.be\/cf-api\/CF5d21aaad2fe9b\" data-hiderows=\"true\">\r\n<input type=\"hidden\" id=\"_cf_verify_CF5d21aaad2fe9b\" name=\"_cf_verify\" value=\"2225cbce10\"  data-nonce-time=\"1777466907\" \/><input type=\"hidden\" name=\"_wp_http_referer\" value=\"\/index.php\/wp-json\/wp\/v2\/pages\/138\" \/><div id=\"cf2-CF5d21aaad2fe9b_1\"><\/div><input type=\"hidden\" name=\"_cf_frm_id\" value=\"CF5d21aaad2fe9b\">\r\n<input type=\"hidden\" name=\"_cf_frm_ct\" value=\"1\">\r\n<input type=\"hidden\" name=\"cfajax\" value=\"CF5d21aaad2fe9b\">\r\n<input type=\"hidden\" name=\"_cf_cr_pst\" value=\"138\">\r\n<div class=\"hide\" style=\"display:none; overflow:hidden;height:0;width:0;\">\r\n<label>Web Site<\/label><input type=\"text\" name=\"web_site\" value=\"\" autocomplete=\"off\">\r\n<\/div><div id=\"CF5d21aaad2fe9b_1-row-1\"  class=\"row  first_row\"><div  class=\"col-sm-12  single\"><\/div><\/div><div id=\"CF5d21aaad2fe9b_1-row-2\"  class=\"row \"><div  class=\"col-sm-2  first_col\"><div data-field-wrapper=\"fld_7675995\" class=\"form-group\" id=\"fld_7675995_1-wrap\">\r\n<label id=\"fld_7675995Label\" for=\"fld_7675995_1\" class=\"control-label screen-reader-text sr-only\">Civilit\u00e9<\/label>\r\n<div class=\"\">\r\n\t\t\t\t\t<div class=\"radio\">\n\t\t\t\t<label data-label=\"Madame\" for=\"fld_7675995_1_opt1550043\"><input type=\"radio\" id=\"fld_7675995_1_opt1550043\" data-field=\"fld_7675995\" class=\"fld_7675995_1 option-required\" name=\"fld_7675995\" value=\"Madame\"   required=\"required\" data-radio-field=\"fld_7675995_1\" data-type=\"radio\" data-calc-value=\"Madame\" \/>\n\t\t\tMadame\t\t<\/label>\n\t\t\t\t\t<\/div>\n\t\t\t\t\t\t\t\t\t<div class=\"radio\">\n\t\t\t\t<label data-label=\"Monsieur\" for=\"fld_7675995_1_opt1660670\"><input type=\"radio\" id=\"fld_7675995_1_opt1660670\" data-field=\"fld_7675995\" class=\"fld_7675995_1 option-required\" name=\"fld_7675995\" value=\"Monsieur\"   required=\"required\" data-radio-field=\"fld_7675995_1\" data-type=\"radio\" data-calc-value=\"Monsieur\" \/>\n\t\t\tMonsieur\t\t<\/label>\n\t\t\t\t\t<\/div>\n\t\t\t\t<\/div>\r\n<\/div>\r\n<\/div><div  class=\"col-sm-4 \"><div data-field-wrapper=\"fld_8768091\" class=\"form-group\" id=\"fld_8768091_1-wrap\">\r\n\t<label id=\"fld_8768091Label\" for=\"fld_8768091_1\" class=\"control-label\">Pr\u00e9nom <span aria-hidden=\"true\" role=\"presentation\" class=\"field_required\" style=\"color:#ee0000;\">*<\/span><\/label>\r\n\t<div class=\"\">\r\n\t\t<input   required type=\"text\" data-field=\"fld_8768091\" class=\" form-control\" id=\"fld_8768091_1\" name=\"fld_8768091\" value=\"\" data-type=\"text\" aria-required=\"true\"   aria-labelledby=\"fld_8768091Label\" >\t\t\t<\/div>\r\n<\/div>\r\n<\/div><div  class=\"col-sm-6  last_col\"><div data-field-wrapper=\"fld_9970286\" class=\"form-group\" id=\"fld_9970286_1-wrap\">\r\n\t<label id=\"fld_9970286Label\" for=\"fld_9970286_1\" class=\"control-label\">Nom <span aria-hidden=\"true\" role=\"presentation\" class=\"field_required\" style=\"color:#ee0000;\">*<\/span><\/label>\r\n\t<div class=\"\">\r\n\t\t<input   required type=\"text\" data-field=\"fld_9970286\" class=\" form-control\" id=\"fld_9970286_1\" name=\"fld_9970286\" value=\"\" data-type=\"text\" aria-required=\"true\"   aria-labelledby=\"fld_9970286Label\" >\t\t\t<\/div>\r\n<\/div>\r\n<\/div><\/div><div id=\"CF5d21aaad2fe9b_1-row-3\"  class=\"row \"><div  class=\"col-sm-6  first_col\"><div data-field-wrapper=\"fld_6009157\" class=\"form-group\" id=\"fld_6009157_1-wrap\">\r\n\t<label id=\"fld_6009157Label\" for=\"fld_6009157_1\" class=\"control-label\">Adresse de messagerie <span aria-hidden=\"true\" role=\"presentation\" class=\"field_required\" style=\"color:#ee0000;\">*<\/span><\/label>\r\n\t<div class=\"\">\r\n\t\t<input   required type=\"email\" data-field=\"fld_6009157\" class=\" form-control\" id=\"fld_6009157_1\" name=\"fld_6009157\" value=\"\" data-type=\"email\" aria-required=\"true\"   aria-labelledby=\"fld_6009157Label\" >\t\t\t<\/div>\r\n<\/div>\r\n<\/div><div  class=\"col-sm-6  last_col\"><div data-field-wrapper=\"fld_2922931\" class=\"form-group\" id=\"fld_2922931_1-wrap\">\r\n\t<label id=\"fld_2922931Label\" for=\"fld_2922931_1\" class=\"control-label\">T\u00e9l\u00e9phone<\/label>\r\n\t<div class=\"\">\r\n\t\t<input    type=\"text\" data-field=\"fld_2922931\" class=\" form-control\" id=\"fld_2922931_1\" name=\"fld_2922931\" value=\"\" data-type=\"text\"   aria-labelledby=\"fld_2922931Label\" >\t\t\t<\/div>\r\n<\/div>\r\n<\/div><\/div><div id=\"CF5d21aaad2fe9b_1-row-4\"  class=\"row \"><div  class=\"col-sm-12  single\"><div data-field-wrapper=\"fld_7683514\" class=\"form-group\" id=\"fld_7683514_1-wrap\">\r\n\t<label id=\"fld_7683514Label\" for=\"fld_7683514_1\" class=\"control-label\">Commentaires\/questions <span aria-hidden=\"true\" role=\"presentation\" class=\"field_required\" style=\"color:#ee0000;\">*<\/span><\/label>\r\n\t<div class=\"\">\r\n\t\t<textarea name=\"fld_7683514\" value=\"\" data-field=\"fld_7683514\" class=\"form-control\" id=\"fld_7683514_1\" rows=\"7\"  required=\"required\"  aria-labelledby=\"fld_7683514Label\" ><\/textarea>\n\t\t\t<\/div>\r\n<\/div>\r\n<\/div><\/div><div id=\"CF5d21aaad2fe9b_1-row-5\"  class=\"row  last_row\"><div  class=\"col-sm-12  single\"><hr id=\"fld_2804975_1\" class=\"\" style=\"width: 100%\" \/><div class=\"\"><p><strong>Pour \u00e9viter les robots spammeurs, nous devons v\u00e9rifier que vous \u00eates bien une personne.<\/strong><\/p>\n<p>Pour cela, veuillez saisir <u><span style=\"color:red;font-weight:bold\">en lettres MAJUSCULES<\/u>, dans le champ \u00ab question subsidiaire \u00bb <strong><u>le pr\u00e9nom<\/u><\/strong> qui figure dans notre adresse postale (voir le haut de cette page).<\/br>Une fois que vous aurez r\u00e9pondu correctement \u00e0 cette \u00ab question subsidiaire \u00bb <strong><u>le bouton \u00ab Envoyer le message \u00bb appara\u00eetra<\/u><\/strong>. Merci.<\/p>\n<\/div><div data-field-wrapper=\"fld_682827\" class=\"form-group\" id=\"fld_682827_1-wrap\">\r\n\t<label id=\"fld_682827Label\" for=\"fld_682827_1\" class=\"control-label\">Question subsidiaire <span aria-hidden=\"true\" role=\"presentation\" class=\"field_required\" style=\"color:#ee0000;\">*<\/span><\/label>\r\n\t<div class=\"\">\r\n\t\t<input   required type=\"text\" data-field=\"fld_682827\" class=\" form-control\" id=\"fld_682827_1\" name=\"fld_682827\" value=\"\" data-type=\"text\" aria-required=\"true\"   aria-labelledby=\"fld_682827Label\" >\t\t\t<\/div>\r\n<\/div>\r\n<span class=\"caldera-forms-conditional-field\" role=\"region\" aria-live=\"polite\" id=\"conditional_fld_7908577_1\" data-field-id=\"fld_7908577_1\"><\/span><\/div><\/div><\/form>\r\n<\/div>\r\n<script type=\"text\/javascript\">\r\nif( typeof caldera_conditionals === \"undefined\" ){ var caldera_conditionals = {}; }caldera_conditionals.CF5d21aaad2fe9b_1 = {\"fld_7908577_1\":{\"type\":\"show\",\"group\":{\"rw1792350350498861\":{\"cl1048393280690602\":{\"parent\":\"rw1792350350498861\",\"field\":\"fld_682827\",\"compare\":\"is\",\"value\":\"JULES\"}}}}};\r\n<\/script>\r\n<script type=\"text\/html\" id=\"conditional-fld_7908577_1-tmpl\">\r\n<div data-field-wrapper=\"fld_7908577\" class=\"form-group\" id=\"fld_7908577_1-wrap\">\r\n<div class=\"\">\r\n\t<input  class=\"btn btn-default\" type=\"submit\" name=\"fld_7908577\" id=\"fld_7908577_1\" value=\"Envoyer le message\" data-field=\"fld_7908577\"  >\n<\/div>\r\n<\/div>\r\n\t<input class=\"button_trigger_1\" type=\"hidden\" name=\"fld_7908577\" id=\"fld_7908577_1_btn\" value=\"\" data-field=\"fld_7908577\"  \/>\n<\/script>\r\n<\/p>\t\t\t\t\t\t<\/div>\n\t\t\t\t<\/div>\n\t\t\t\t\t<\/div>\n\t\t<\/div>\n\t\t\t\t\t<\/div>\n\t\t<\/section>\n\t\t\t\t<\/div>\n\t\t","protected":false},"excerpt":{"rendered":"<p>Armurerie R. J. LENGELE Place Jules Destr\u00e9e 9, 6200 Ch\u00e2telet 0475 47 22 25 lengele.rene@skynet.be www.armurerie-lengele.be TVA: BE 0661095184 Banque: IBAN\u00a0: BE44 3630 90 22 9945 N\u00b0 d&rsquo;agr\u00e9ment: N\u00b02\/5\/92\/0050 Horaires d&rsquo;ouverture Lundi: Ferm\u00e9 Mardi: Ferm\u00e9* Mercredi: Ferm\u00e9* Jeudi: 17:00 &#8211; 19:30 Vendredi: 17:00 &#8211; 19:30 Samedi: 14:00 &#8211; 18:00 Dimanche: Ferm\u00e9 * En raison des [&hellip;]<\/p>\n","protected":false},"author":1,"featured_media":0,"parent":0,"menu_order":0,"comment_status":"closed","ping_status":"closed","template":"","meta":{"ocean_post_layout":"","ocean_both_sidebars_style":"","ocean_both_sidebars_content_width":0,"ocean_both_sidebars_sidebars_width":0,"ocean_sidebar":"","ocean_second_sidebar":"","ocean_disable_margins":"enable","ocean_add_body_class":"","ocean_shortcode_before_top_bar":"","ocean_shortcode_after_top_bar":"","ocean_shortcode_before_header":"","ocean_shortcode_after_header":"","ocean_has_shortcode":"","ocean_shortcode_after_title":"","ocean_shortcode_before_footer_widgets":"","ocean_shortcode_after_footer_widgets":"","ocean_shortcode_before_footer_bottom":"","ocean_shortcode_after_footer_bottom":"","ocean_display_top_bar":"default","ocean_display_header":"default","ocean_header_style":"","ocean_center_header_left_menu":"","ocean_custom_header_template":"","ocean_custom_logo":0,"ocean_custom_retina_logo":0,"ocean_custom_logo_max_width":0,"ocean_custom_logo_tablet_max_width":0,"ocean_custom_logo_mobile_max_width":0,"ocean_custom_logo_max_height":0,"ocean_custom_logo_tablet_max_height":0,"ocean_custom_logo_mobile_max_height":0,"ocean_header_custom_menu":"","ocean_menu_typo_font_family":"","ocean_menu_typo_font_subset":"","ocean_menu_typo_font_size":0,"ocean_menu_typo_font_size_tablet":0,"ocean_menu_typo_font_size_mobile":0,"ocean_menu_typo_font_size_unit":"px","ocean_menu_typo_font_weight":"","ocean_menu_typo_font_weight_tablet":"","ocean_menu_typo_font_weight_mobile":"","ocean_menu_typo_transform":"","ocean_menu_typo_transform_tablet":"","ocean_menu_typo_transform_mobile":"","ocean_menu_typo_line_height":0,"ocean_menu_typo_line_height_tablet":0,"ocean_menu_typo_line_height_mobile":0,"ocean_menu_typo_line_height_unit":"","ocean_menu_typo_spacing":0,"ocean_menu_typo_spacing_tablet":0,"ocean_menu_typo_spacing_mobile":0,"ocean_menu_typo_spacing_unit":"","ocean_menu_link_color":"","ocean_menu_link_color_hover":"","ocean_menu_link_color_active":"","ocean_menu_link_background":"","ocean_menu_link_hover_background":"","ocean_menu_link_active_background":"","ocean_menu_social_links_bg":"","ocean_menu_social_hover_links_bg":"","ocean_menu_social_links_color":"","ocean_menu_social_hover_links_color":"","ocean_disable_title":"default","ocean_disable_heading":"default","ocean_post_title":"","ocean_post_subheading":"","ocean_post_title_style":"","ocean_post_title_background_color":"","ocean_post_title_background":0,"ocean_post_title_bg_image_position":"","ocean_post_title_bg_image_attachment":"","ocean_post_title_bg_image_repeat":"","ocean_post_title_bg_image_size":"","ocean_post_title_height":0,"ocean_post_title_bg_overlay":0.5,"ocean_post_title_bg_overlay_color":"","ocean_disable_breadcrumbs":"default","ocean_breadcrumbs_color":"","ocean_breadcrumbs_separator_color":"","ocean_breadcrumbs_links_color":"","ocean_breadcrumbs_links_hover_color":"","ocean_display_footer_widgets":"default","ocean_display_footer_bottom":"default","ocean_custom_footer_template":"","footnotes":""},"class_list":["post-138","page","type-page","status-publish","hentry","entry","owp-thumbs-layout-horizontal","owp-btn-normal","owp-tabs-layout-horizontal","has-no-thumbnails","has-product-nav"],"_links":{"self":[{"href":"https:\/\/www.armurerie-lengele.be\/index.php\/wp-json\/wp\/v2\/pages\/138"}],"collection":[{"href":"https:\/\/www.armurerie-lengele.be\/index.php\/wp-json\/wp\/v2\/pages"}],"about":[{"href":"https:\/\/www.armurerie-lengele.be\/index.php\/wp-json\/wp\/v2\/types\/page"}],"author":[{"embeddable":true,"href":"https:\/\/www.armurerie-lengele.be\/index.php\/wp-json\/wp\/v2\/users\/1"}],"replies":[{"embeddable":true,"href":"https:\/\/www.armurerie-lengele.be\/index.php\/wp-json\/wp\/v2\/comments?post=138"}],"version-history":[{"count":84,"href":"https:\/\/www.armurerie-lengele.be\/index.php\/wp-json\/wp\/v2\/pages\/138\/revisions"}],"predecessor-version":[{"id":2897,"href":"https:\/\/www.armurerie-lengele.be\/index.php\/wp-json\/wp\/v2\/pages\/138\/revisions\/2897"}],"wp:attachment":[{"href":"https:\/\/www.armurerie-lengele.be\/index.php\/wp-json\/wp\/v2\/media?parent=138"}],"curies":[{"name":"wp","href":"https:\/\/api.w.org\/{rel}","templated":true}]}}